{"id":431,"date":"2025-02-19T08:07:00","date_gmt":"2025-02-19T07:07:00","guid":{"rendered":"https:\/\/www.hj-bioanalytik.de\/wordpress\/?post_type=product&#038;p=431"},"modified":"2025-09-01T08:06:42","modified_gmt":"2025-09-01T06:06:42","slug":"hjpiercer","status":"publish","type":"product","link":"http:\/\/www.hj-bioanalytik.de\/de_de\/product\/hjpiercer\/","title":{"rendered":"HJ@Piercer"},"content":{"rendered":"<p><span data-mce-mark=\"1\">Der &#8220;HJ@Piercer&#8220; ist ein vollautomatisches Ger\u00e4t zum kontaminationsfreien Durchstechen von Aluminiumfolien f\u00fcr 384er Mikrotiterplatten.<br \/>\nUm den &#8220;HJ@Piercer&#8220; zu nutzen k\u00f6nnen nur unsere Aluminium-Klebefolien, Art. Nr.: 900310, (durch unseren &#8220;HJ@Sealer&#8220; aufgebracht) durchstochen werden.<br \/>\nDie Folien werden so ge\u00f6ffnet, dass keinerlei Folienreste oder Folien\u00fcberst\u00e4nde in den Kavit\u00e4ten h\u00e4ngen und somit das Auspipettieren oder Abdispensieren in Genauigkeit und Flu\u00df beeinflussen.<br \/>\nNachteile von Nadel-Piercern schlie\u00dft diese Technik aus. Man ben\u00f6tigt keinen zus\u00e4tzlichen Waschzyklus.<br \/>\nDer &#8220;HJ@Piercer&#8220; arbeitet mit einer patentierten Walze.<\/span><\/p>\n<p><strong><span data-mce-mark=\"1\">Klein:<br \/>\n<\/span><\/strong><span data-mce-mark=\"1\">Der &#8220;HJ@Piercer&#8220; ben\u00f6tigt eine Stellfl\u00e4che von 212 mm X 250 mm neben dem Pipettier- oder Roboter-System. Die belegte Fl\u00e4che auf dem Arbeitstisch des Robotersystems ist nur geringf\u00fcgig gr\u00f6\u00dfer als das Ma\u00df einer Platte.<\/span><\/p>\n<p><span data-mce-mark=\"1\"><strong>Problemlos zu integrieren:<br \/>\n<\/strong><\/span><span data-mce-mark=\"1\">Der &#8220;HJ@Piercer&#8220; l\u00e4sst sich ohne gro\u00dfen Aufwand in neue und vorhandene Pipettier- und Roboter-Systeme integrieren. Die Software-Integrationsschnittstelle ist kompatibel zu unseren anderen Ger\u00e4teserien.\u00a0<\/span><\/p>\n<p><span data-mce-mark=\"1\"><strong>Softwaresteuerung:<br \/>\n<\/strong><\/span>Die &#8220;HJ@Piercer&#8220; Software l\u00e4uft auf dem PC unter allen Microsoft Windows Betriebssystemen ab Windows XP. Sie ist mit einer bedienerfreundlichen Benutzeroberfl\u00e4che versehen. Diagnostikfunktionen wie die Erkennung der Piercewalzenposition erlauben h\u00f6chste Betriebssicherheit.<\/p>\n<p><span data-mce-mark=\"1\"><strong>Interface:<br \/>\n<\/strong><\/span><span data-mce-mark=\"1\">Der &#8220;HJ@Piercer&#8220; bietet serienm\u00e4\u00dfig eine USB- und RS-232 Schnittstelle.<\/span><\/p>\n<p><span data-mce-mark=\"1\"><strong>Walze:<br \/>\n<\/strong><\/span><span data-mce-mark=\"1\">Die patentierte Walze ist bei Bedarf wechselbar. Ihre korrekte Position wird automatisch erkannt.<\/span><\/p>\n<p><span data-mce-mark=\"1\"><strong>Schnell:<br \/>\n<\/strong><\/span><span data-mce-mark=\"1\">Der komplette Zyklus dauert ca. 12 Sekunden.<\/span><\/p>\n<p><span data-mce-mark=\"1\"><strong>Preiswert:<br \/>\n<\/strong><\/span><span data-mce-mark=\"1\">G\u00fcnstige Anschaffungskosten und geringer Integrationsaufwand.<\/span><\/p>\n<p>&nbsp;<\/p>\n<p><strong>Details zum Ger\u00e4t:<br \/>\n<\/strong><a href=\"https:\/\/www.hj-bioanalytik.de\/wp-content\/uploads\/2025\/02\/AdPiercerDim.pdf\" target=\"_blank\" rel=\"noopener\">Bema\u00dfte 3D-Zeichnung und Footprint als PDF-Datei<\/a><br \/>\n<a href=\"https:\/\/www.hj-bioanalytik.de\/wordpress\/geraetevorfuehrung\/\">Vereinbaren Sie einen Vorf\u00fchrungstermin<\/a><\/p>\n<p>&nbsp;<\/p>\n<p><span data-mce-mark=\"1\"><strong>Bestell-Informationen:<br \/>\n&#8220;HJ@Piercer&#8220;<br \/>\n<\/strong><\/span><span data-mce-mark=\"1\"><strong>Art. Nr.: <\/strong>200940<strong><br \/>\n<\/strong><\/span><span data-mce-mark=\"1\"><strong>Verpackungseinheit: <\/strong>1<strong><br \/>\nBezeichnung:<br \/>\n<\/strong><\/span>&#8220;HJ@Piercer&#8220; &#8211; <span data-mce-mark=\"1\">Folien-Durchstechger\u00e4t f\u00fcr Mikrotiterplatten<\/span><span data-mce-mark=\"1\">\u00a0<\/span><\/p>\n","protected":false},"excerpt":{"rendered":"<p>Vollautomatisches Folien-Durchstechger\u00e4t f\u00fcr Mikrotiterplatten<\/p>\n","protected":false},"featured_media":428,"template":"","meta":[],"product_brand":[],"product_cat":[24],"product_tag":[73,74,75,76],"class_list":{"0":"post-431","1":"product","2":"type-product","3":"status-publish","4":"has-post-thumbnail","6":"product_cat-devices","7":"product_tag-hjpiercer","8":"product_tag-piercer-fuer-folien","9":"product_tag-piercer-fuer-microtiterplatten","10":"product_tag-piercing-microtitreplate","12":"first","13":"instock","14":"shipping-taxable","15":"product-type-simple"},"_links":{"self":[{"href":"http:\/\/www.hj-bioanalytik.de\/de_de\/wp-json\/wp\/v2\/product\/431","targetHints":{"allow":["GET"]}}],"collection":[{"href":"http:\/\/www.hj-bioanalytik.de\/de_de\/wp-json\/wp\/v2\/product"}],"about":[{"href":"http:\/\/www.hj-bioanalytik.de\/de_de\/wp-json\/wp\/v2\/types\/product"}],"wp:featuredmedia":[{"embeddable":true,"href":"http:\/\/www.hj-bioanalytik.de\/de_de\/wp-json\/wp\/v2\/media\/428"}],"wp:attachment":[{"href":"http:\/\/www.hj-bioanalytik.de\/de_de\/wp-json\/wp\/v2\/media?parent=431"}],"wp:term":[{"taxonomy":"product_brand","embeddable":true,"href":"http:\/\/www.hj-bioanalytik.de\/de_de\/wp-json\/wp\/v2\/product_brand?post=431"},{"taxonomy":"product_cat","embeddable":true,"href":"http:\/\/www.hj-bioanalytik.de\/de_de\/wp-json\/wp\/v2\/product_cat?post=431"},{"taxonomy":"product_tag","embeddable":true,"href":"http:\/\/www.hj-bioanalytik.de\/de_de\/wp-json\/wp\/v2\/product_tag?post=431"}],"curies":[{"name":"wp","href":"https:\/\/api.w.org\/{rel}","templated":true}]}}