{"id":75,"date":"2025-01-29T12:27:50","date_gmt":"2025-01-29T11:27:50","guid":{"rendered":"https:\/\/www.hj-bioanalytik.de\/wordpress\/produkt\/vintage-typewriter\/"},"modified":"2025-09-01T08:02:17","modified_gmt":"2025-09-01T06:02:17","slug":"hjsealpeelstation","status":"publish","type":"product","link":"http:\/\/www.hj-bioanalytik.de\/de_de\/product\/hjsealpeelstation\/","title":{"rendered":"HJ@SealPeelStation"},"content":{"rendered":"<p><span data-mce-mark=\"1\">Die &#8220;HJ@SealPeelStation&#8220; wird \u00fcberall dort eingesetzt, wo das Verschlie\u00dfen und \u00d6ffnen von Mikrotiter-, PCR-, und einigen Spezial-Platten im vollautomatischen Prozess erfolgen soll.<\/span><\/p>\n<p><strong><span data-mce-mark=\"1\">Klein:<br \/>\n<\/span><\/strong>Die &#8220;HJ@SealPeelStation&#8220; ben\u00f6tigt eine Stellfl\u00e4che von 274 mm X 314 mm neben dem Pipettier- oder Roboter-System. Die belegte Fl\u00e4che auf dem Arbeitstisch des Robotersystems ist nur geringf\u00fcgig gr\u00f6\u00dfer als das Ma\u00df einer Platte.<strong><span data-mce-mark=\"1\"><br \/>\n<\/span><\/strong><\/p>\n<p><span data-mce-mark=\"1\"><strong>Automatische Plattenerkennung:<br \/>\n<\/strong><\/span><span data-mce-mark=\"1\">Die &#8220;HJ@SealPeelStation&#8220; erkennt automatisch die zugef\u00fchrte Platte und verschlie\u00dft sie zuverl\u00e4ssig ohne \u00dcberstand der Folienr\u00e4nder. Beim Peelvorgang wird die Platte ebenfalls automatisch erkannt.<br \/>\nAutomatisch bedeutet hier aber keine Einschr\u00e4nkung: Es ist trotzdem m\u00f6glich, \u00fcber die Software Verschlussparameter wie z.B. Sealdruck oder auch einen eventuell gew\u00fcnschten Folien\u00fcberstand einzustellen. Beim Peelprozess kann ebenfalls die Facettengr\u00f6sse der Platte und der Bewegungsablauf beim Peelvorgang eingestellt werden.\u00a0<\/span><\/p>\n<p><span data-mce-mark=\"1\"><strong>Problemlos zu integrieren:<br \/>\n<\/strong><\/span><span data-mce-mark=\"1\">Die &#8220;HJ@SealPeelStation&#8220; l\u00e4sst sich ohne gro\u00dfen Aufwand in neue und vorhandene Pipettier- und Roboter-Systeme integrieren. Die Software-Integrationsschnittstelle ist kompatibel zu unseren erfolgreichen &#8220;RoboSeal&#8220; und &#8220;RoboPeel&#8220;.\u00a0<\/span><\/p>\n<p><span data-mce-mark=\"1\"><strong>Softwaresteuerung:<br \/>\n<\/strong><\/span>Die &#8220;HJ@SealPeelStation&#8220; Software l\u00e4uft auf dem PC unter allen Microsoft Windows Betriebssystemen ab Windows XP. Sie ist mit einer bedienerfreundlichen Benutzeroberfl\u00e4che versehen. Diagnostikfunktionen wie Folienz\u00e4hler, Folienend- und Messerbruchsensorauswertung beim Sealvorgang sowie ein Foliendetektor beim Peelvorgang erlauben h\u00f6chste Betriebssicherheit.<\/p>\n<p><span data-mce-mark=\"1\"><strong>Interface:<br \/>\n<\/strong><\/span><span data-mce-mark=\"1\">Die &#8220;HJ@SealPeelStation&#8220; bietet serienm\u00e4\u00dfig eine USB- und RS-232 Schnittstelle.<\/span><\/p>\n<p><span data-mce-mark=\"1\"><strong>Einfach zu bedienen:<br \/>\n<\/strong><\/span><span data-mce-mark=\"1\">Alle SBS-Standard-Footprint-Platten werden automatisch anhand ihrer H\u00f6he erkannt. Ob es sich um Shallow Well-, Deep Well-, PCR- oder andere Platten handelt, zus\u00e4tzliche Adapter sind normalerweise nicht erforderlich.<\/span><\/p>\n<p><span data-mce-mark=\"1\"><strong>Sicheres Verschlie\u00dfen:<br \/>\n<\/strong><\/span><span data-mce-mark=\"1\">Die Klebe-Abdeckfolie wird mittels Druck auf die Platte geklebt. Dadurch werden die Nachteile durch Hitzeeinwirkung und Probleme mit schlechter Verbindung zwischen Platte und Folie g\u00e4nzlich ausgeschlossen.<\/span><\/p>\n<p><span data-mce-mark=\"1\"><strong>Sicheres \u00d6ffnen:<br \/>\n<\/strong><\/span><span data-mce-mark=\"1\">Die &#8220;HJ@SealPeelStation&#8220; zieht die Folie mechanisch von der Platte ab. Fremdmedien wie Pressluft oder Vakuum werden nicht ben\u00f6tigt. Der patentierte &#8220;Abziehfinger&#8220; arbeitet reproduzierbar und st\u00f6rungsunanf\u00e4llig. Ein integrierter Foliensensor erkennt die abgezogene Folie.<\/span><\/p>\n<p><span data-mce-mark=\"1\"><strong>Schnell:<br \/>\n<\/strong><\/span><span data-mce-mark=\"1\">Der komplette Seal-Zyklus dauert ca. 10 Sekunden. Der Peel-Zyklus ist in ca. 20 Sekunden abgeschlossen.<\/span><\/p>\n<p><span data-mce-mark=\"1\"><strong>Preiswert:<br \/>\n<\/strong><\/span><span data-mce-mark=\"1\">G\u00fcnstige Anschaffungskosten, geringer Integrationsaufwand sowie preisg\u00fcnstiges Folienmaterial.<\/span><\/p>\n<p>&nbsp;<\/p>\n<p><strong>Details zum Ger\u00e4t:<br \/>\n<\/strong><a href=\"https:\/\/www.hj-bioanalytik.de\/wp-content\/uploads\/2025\/02\/SealPeelStationDim.pdf\" target=\"_blank\" rel=\"noopener\">Bema\u00dfte 3D-Zeichnung und Footprint als PDF-Datei<\/a><br \/>\n<a href=\"https:\/\/www.hj-bioanalytik.de\/wordpress\/geraetevorfuehrung\/\">Vereinbaren Sie einen Vorf\u00fchrungstermin<\/a><\/p>\n<p>&nbsp;<\/p>\n<p><span data-mce-mark=\"1\"><strong>Bestell-Informationen:<br \/>\n&#8220;HJ@SealPeelStation&#8220;<br \/>\n<\/strong><\/span><span data-mce-mark=\"1\"><strong>Art. Nr.: <\/strong>200950<strong><br \/>\n<\/strong><\/span><span data-mce-mark=\"1\"><strong>Verpackungseinheit: <\/strong>1<strong><br \/>\nBezeichnung:<br \/>\n<\/strong>&#8220;HJ@SealPeelStation&#8220; &#8211; Automatisches Verschluss- und \u00d6ffnungsger\u00e4t f\u00fcr Mikrotiterplatten<\/span><strong><br \/>\n<\/strong><\/p>\n","protected":false},"excerpt":{"rendered":"<h3><span data-mce-mark=\"1\">Vollautomatische Seal- und Peel-Ger\u00e4tekombination f\u00fcr Mikrotiterplatten<\/span><\/h3>\n","protected":false},"featured_media":235,"template":"","meta":[],"product_brand":[],"product_cat":[24],"product_tag":[32,33],"class_list":{"0":"post-75","1":"product","2":"type-product","3":"status-publish","4":"has-post-thumbnail","6":"product_cat-devices","7":"product_tag-hjsealpeelstation","8":"product_tag-microtitreplate-sealer-and-peeler","10":"first","11":"instock","12":"shipping-taxable","13":"product-type-simple"},"_links":{"self":[{"href":"http:\/\/www.hj-bioanalytik.de\/de_de\/wp-json\/wp\/v2\/product\/75","targetHints":{"allow":["GET"]}}],"collection":[{"href":"http:\/\/www.hj-bioanalytik.de\/de_de\/wp-json\/wp\/v2\/product"}],"about":[{"href":"http:\/\/www.hj-bioanalytik.de\/de_de\/wp-json\/wp\/v2\/types\/product"}],"wp:featuredmedia":[{"embeddable":true,"href":"http:\/\/www.hj-bioanalytik.de\/de_de\/wp-json\/wp\/v2\/media\/235"}],"wp:attachment":[{"href":"http:\/\/www.hj-bioanalytik.de\/de_de\/wp-json\/wp\/v2\/media?parent=75"}],"wp:term":[{"taxonomy":"product_brand","embeddable":true,"href":"http:\/\/www.hj-bioanalytik.de\/de_de\/wp-json\/wp\/v2\/product_brand?post=75"},{"taxonomy":"product_cat","embeddable":true,"href":"http:\/\/www.hj-bioanalytik.de\/de_de\/wp-json\/wp\/v2\/product_cat?post=75"},{"taxonomy":"product_tag","embeddable":true,"href":"http:\/\/www.hj-bioanalytik.de\/de_de\/wp-json\/wp\/v2\/product_tag?post=75"}],"curies":[{"name":"wp","href":"https:\/\/api.w.org\/{rel}","templated":true}]}}