{"id":206,"date":"2025-02-04T10:17:05","date_gmt":"2025-02-04T09:17:05","guid":{"rendered":"https:\/\/www.hj-bioanalytik.de\/wordpress\/?page_id=206"},"modified":"2025-02-27T11:15:57","modified_gmt":"2025-02-27T10:15:57","slug":"impressum","status":"publish","type":"page","link":"https:\/\/www.hj-bioanalytik.de\/de_de\/impressum\/","title":{"rendered":"Impressum"},"content":{"rendered":"\n<p>HJ-BIOANALYTIK GmbH<br>Ferdinand-Clasen-Str. 34<br>D-41812 Erkelenz<\/p>\n\n\n\n<figure class=\"wp-block-table\"><table><tbody><tr><td>Telefon:<\/td><td>(+49) 2431 &#8211; 9484 15<\/td><\/tr><tr><td>Telefax:<\/td><td>(+49) 2431 &#8211; 9484 16<\/td><\/tr><tr><td>E-Mail:<\/td><td><a href=\"https:\/\/www.hj-bioanalytik.de\/wordpress\/contact-form\/\" data-type=\"page\" data-id=\"195\">info(at)hj-bioanalytik.de<\/a><\/td><\/tr><\/tbody><\/table><\/figure>\n\n\n\n<p><strong>Senden Sie uns eine Nachricht oder rufen Sie uns einfach an!<\/strong><br><strong>Sie haben auch die M\u00f6glichkeit, ein <a href=\"https:\/\/www.hj-bioanalytik.de\/wordpress\/contact-form\/\" data-type=\"page\" data-id=\"195\">Formular<\/a> auszuf\u00fcllen und direkt an uns zu senden.<\/strong><br><strong>Fordern Sie Infomaterial an, hinterlassen Sie Ihren Kommentar.<\/strong><\/p>\n\n\n\n<p><strong>Registriergericht M\u00f6nchengladbach<\/strong><br><strong>HRB-Nr: 5066<\/strong><br><strong>Gesch\u00e4ftsf\u00fchrer: Sascha Kuffner<\/strong><br><strong>UST-Id Nr: DE171901509<\/strong><\/p>\n\n\n\n<p><strong>Inhalte<\/strong>:<br>Diese Website wurde mit gr\u00f6\u00dftm\u00f6glicher Sorgfalt zusammengestellt. Sie enth\u00e4lt Informationen \u00fcber das Unternehmen, die Dienstleistungen und Produkte der HJ-BIOANALYTIK GmbH. Alle Angaben wurden sorgf\u00e4ltig und nach bestem Wissen erstellt. Die Informationen k\u00f6nnen dennoch Fehler oder Ungenauigkeiten enthalten. Auch kann ein Eindringen Dritter auf diese Webseiten nicht mit letzter Sicherheit ausgeschlossen werden. Die HJ-BIOANALYTIK GmbH stellt deshalb die Informationen ohne Zusicherungen und unter Ausschluss jeglicher Haftung oder Gew\u00e4hrleistung zur Verf\u00fcgung.<\/p>\n\n\n\n<p><strong>Schutzrechte und Markenzeichen<\/strong>:<br>Alle Rechte vorbehalten. S\u00e4mtliche Inhalte dieser Website, insbesondere Texte, Bilder und Grafiken sowie deren Anordnung auf dieser Website unterliegen dem Schutz des Urheberrechts und anderer Schutzgesetze.<br>Durch diese Website wird keine Lizenz zur Nutzung des geistigen Eigentums der HJ-BIOANALYTIK GmbH oder Dritten erteilt. Der Inhalt dieser Websites darf nicht zu kommerziellen Zwecken kopiert, verbreitet, ver\u00e4ndert oder Dritten zug\u00e4nglich gemacht werden.<\/p>\n","protected":false},"excerpt":{"rendered":"<p>HJ-BIOANALYTIK GmbHFerdinand-Clasen-Str. 34D-41812 Erkelenz Telefon: (+49) 2431 &#8211; 9484 15 Telefax: (+49) 2431 &#8211; 9484 16 E-Mail: info(at)hj-bioanalytik.de Senden Sie uns eine Nachricht oder rufen Sie uns einfach an!Sie haben auch die M\u00f6glichkeit, ein Formular auszuf\u00fcllen und direkt an uns zu senden.Fordern Sie Infomaterial an, hinterlassen Sie Ihren Kommentar. Registriergericht M\u00f6nchengladbachHRB-Nr: 5066Gesch\u00e4ftsf\u00fchrer: Sascha KuffnerUST-Id Nr: [&hellip;]<\/p>\n","protected":false},"author":1,"featured_media":0,"parent":0,"menu_order":0,"comment_status":"closed","ping_status":"closed","template":"","meta":{"footnotes":""},"class_list":["post-206","page","type-page","status-publish","hentry"],"_links":{"self":[{"href":"https:\/\/www.hj-bioanalytik.de\/de_de\/wp-json\/wp\/v2\/pages\/206","targetHints":{"allow":["GET"]}}],"collection":[{"href":"https:\/\/www.hj-bioanalytik.de\/de_de\/wp-json\/wp\/v2\/pages"}],"about":[{"href":"https:\/\/www.hj-bioanalytik.de\/de_de\/wp-json\/wp\/v2\/types\/page"}],"author":[{"embeddable":true,"href":"https:\/\/www.hj-bioanalytik.de\/de_de\/wp-json\/wp\/v2\/users\/1"}],"replies":[{"embeddable":true,"href":"https:\/\/www.hj-bioanalytik.de\/de_de\/wp-json\/wp\/v2\/comments?post=206"}],"version-history":[{"count":6,"href":"https:\/\/www.hj-bioanalytik.de\/de_de\/wp-json\/wp\/v2\/pages\/206\/revisions"}],"predecessor-version":[{"id":442,"href":"https:\/\/www.hj-bioanalytik.de\/de_de\/wp-json\/wp\/v2\/pages\/206\/revisions\/442"}],"wp:attachment":[{"href":"https:\/\/www.hj-bioanalytik.de\/de_de\/wp-json\/wp\/v2\/media?parent=206"}],"curies":[{"name":"wp","href":"https:\/\/api.w.org\/{rel}","templated":true}]}}