{"id":236,"date":"2025-02-05T09:18:13","date_gmt":"2025-02-05T08:18:13","guid":{"rendered":"https:\/\/www.hj-bioanalytik.de\/wordpress\/?post_type=product&#038;p=236"},"modified":"2025-11-11T08:48:34","modified_gmt":"2025-11-11T07:48:34","slug":"hjsealer","status":"publish","type":"product","link":"https:\/\/www.hj-bioanalytik.de\/de_de\/product\/hjsealer\/","title":{"rendered":"HJ@Sealer"},"content":{"rendered":"<p><span style=\"font-size: 12pt;\" data-mce-mark=\"1\">Der &#8220;HJ@Sealer&#8220; wird \u00fcberall dort eingesetzt, wo das Verschlie\u00dfen von Mikrotiter-, PCR-, und einigen Spezial-Platten im voll- oder halbautomatischen Prozess erfolgen soll.<\/span><\/p>\n<p><strong>Klein:<br \/>\n<\/strong>Der &#8220;HJ@Sealer&#8220; ben\u00f6tigt eine Stellfl\u00e4che von 212 mm X 250 mm neben dem Pipettier- oder Roboter-System. Die belegte Fl\u00e4che auf dem Arbeitstisch des Robotersystems ist nur geringf\u00fcgig gr\u00f6\u00dfer als das Ma\u00df einer Platte.<strong><br \/>\n<\/strong><\/p>\n<p><strong>Automatische Plattenerkennung:<br \/>\n<\/strong>Der &#8220;HJ@Sealer&#8220; erkennt automatisch die zugef\u00fchrte Platte und verschlie\u00dft sie zuverl\u00e4ssig ohne \u00dcberstand der Folienr\u00e4nder.<br \/>\nAutomatisch bedeutet hier aber keine Einschr\u00e4nkung: Es ist trotzdem m\u00f6glich, \u00fcber die Software Verschlussparameter wie z.B. Sealdruck oder auch einen eventuell gew\u00fcnschten Folien\u00fcberstand einzustellen. Der &#8220;HJ@Sealer&#8220; kann dann die Platten anhand ihrer H\u00f6he erkennen.<strong><br \/>\n<\/strong><\/p>\n<p><strong>Problemlos zu integrieren:<br \/>\n<\/strong>Der &#8220;HJ@Sealer robotic&#8220; l\u00e4sst sich ohne gro\u00dfen Aufwand in neue und vorhandene Pipettier- und Roboter-Systeme integrieren. Die Software-Integrationsschnittstelle ist kompatibel zu unserem erfolgreichen &#8220;RoboSeal&#8220;.<\/p>\n<p><strong>Optionale Softwaresteuerung:<br \/>\n<\/strong>Die &#8220;HJ@Sealer&#8220; Software l\u00e4uft auf dem PC unter allen Microsoft Windows Betriebssystemen ab Windows XP. Sie ist mit einer bedienerfreundlichen Benutzeroberfl\u00e4che versehen. Diagnostikfunktionen wie Folienz\u00e4hler, Folienend- und Messerbruchsensorauswertung erlauben h\u00f6chste Betriebssicherheit.<strong><br \/>\n<\/strong><\/p>\n<p><strong>Interface:<br \/>\n<\/strong>Der &#8220;HJ@Sealer&#8220; bietet serienm\u00e4\u00dfig eine USB- und RS-232 Schnittstelle.<strong><br \/>\n<\/strong><\/p>\n<p><strong>Einfach zu bedienen:<br \/>\n<\/strong>Alle SBS-Standard-Footprint-Platten werden automatisch anhand ihrer H\u00f6he erkannt. Ob es sich um Shallow Well-, Deep Well-, PCR- oder andere Platten handelt, zus\u00e4tzliche Adapter sind normalerweise nicht erforderlich.<\/p>\n<p><strong>Sicheres Verschlie\u00dfen:<br \/>\n<\/strong>Die Klebe-Abdeckfolie wird mittels Druck auf die Platte geklebt. Dadurch werden die Nachteile durch Hitzeeinwirkung und Probleme mit schlechter Verbindung zwischen Platte und Folie g\u00e4nzlich ausgeschlossen.<\/p>\n<p><strong>Schnell:<br \/>\n<\/strong>Der komplette Zyklus dauert ca. 10 Sekunden.<\/p>\n<p><strong>Preiswert:<br \/>\n<\/strong>G\u00fcnstige Anschaffungskosten, geringer Integrationsaufwand sowie preisg\u00fcnstiges Folienmaterial.<\/p>\n<p>&nbsp;<\/p>\n<p><span data-mce-mark=\"1\"><strong>Ger\u00e4tedetails:<\/strong><\/span><\/p>\n<p><a href=\"https:\/\/www.hj-bioanalytik.de\/hjadsealerdimn\/\" target=\"_blank\" rel=\"noopener\">Bemasste 3D Zeichnung und Footprint als PDF Datei<\/a><\/p>\n<p><a href=\"https:\/\/www.hj-bioanalytik.de\/wordpress\/geraetevorfuehrung\/\">Vereinbaren Sie einen Vorf\u00fchrungstermin<\/a><\/p>\n<p>&nbsp;<\/p>\n<p><span data-mce-mark=\"1\"><strong>Bestell-Informationen:<\/strong><\/span><\/p>\n<hr \/>\n<p><strong><span data-mce-mark=\"1\">&#8220;HJ@Sealer semi-automatic&#8220;<br \/>\nArt. Nr.: 200920<br \/>\n<\/span><\/strong><strong>Verpackungseinheit: <\/strong>1<br \/>\n<span data-mce-mark=\"1\"><strong>Bezeichnung:<br \/>\n<\/strong>&#8220;HJ@Sealer semi-automatic&#8220; &#8211; Semi-automatisches Verschlussger\u00e4t f\u00fcr Mikrotiterplatten<\/span><\/p>\n<hr \/>\n<p><strong><span data-mce-mark=\"1\">&#8220;HJ@Sealer robotic&#8220;<br \/>\nArt. Nr.: 200925<\/span><\/strong><br \/>\n<span data-mce-mark=\"1\"><strong>Verpackungseinheit: <\/strong>1<strong><br \/>\n<\/strong><\/span><span data-mce-mark=\"1\"><strong>Bezeichnung:<br \/>\n<\/strong>&#8220;HJ@Sealer robotic&#8220; &#8211; Roboter-Verschlussger\u00e4t f\u00fcr Mikrotiterplatten<br \/>\n<\/span><\/p>\n","protected":false},"excerpt":{"rendered":"<p><span data-mce-mark=\"1\">Vollautomatisches Verschlussger\u00e4t f\u00fcr Mikrotiterplatten<\/span><\/p>\n","protected":false},"featured_media":359,"template":"","meta":[],"product_brand":[],"product_cat":[24],"product_tag":[30,31],"class_list":{"0":"post-236","1":"product","2":"type-product","3":"status-publish","4":"has-post-thumbnail","6":"product_cat-devices","7":"product_tag-hjsealer","8":"product_tag-sealer-for-microtitreplates","10":"first","11":"instock","12":"shipping-taxable","13":"product-type-simple"},"_links":{"self":[{"href":"https:\/\/www.hj-bioanalytik.de\/de_de\/wp-json\/wp\/v2\/product\/236","targetHints":{"allow":["GET"]}}],"collection":[{"href":"https:\/\/www.hj-bioanalytik.de\/de_de\/wp-json\/wp\/v2\/product"}],"about":[{"href":"https:\/\/www.hj-bioanalytik.de\/de_de\/wp-json\/wp\/v2\/types\/product"}],"wp:featuredmedia":[{"embeddable":true,"href":"https:\/\/www.hj-bioanalytik.de\/de_de\/wp-json\/wp\/v2\/media\/359"}],"wp:attachment":[{"href":"https:\/\/www.hj-bioanalytik.de\/de_de\/wp-json\/wp\/v2\/media?parent=236"}],"wp:term":[{"taxonomy":"product_brand","embeddable":true,"href":"https:\/\/www.hj-bioanalytik.de\/de_de\/wp-json\/wp\/v2\/product_brand?post=236"},{"taxonomy":"product_cat","embeddable":true,"href":"https:\/\/www.hj-bioanalytik.de\/de_de\/wp-json\/wp\/v2\/product_cat?post=236"},{"taxonomy":"product_tag","embeddable":true,"href":"https:\/\/www.hj-bioanalytik.de\/de_de\/wp-json\/wp\/v2\/product_tag?post=236"}],"curies":[{"name":"wp","href":"https:\/\/api.w.org\/{rel}","templated":true}]}}