{"id":249,"date":"2025-02-06T07:48:19","date_gmt":"2025-02-06T06:48:19","guid":{"rendered":"https:\/\/www.hj-bioanalytik.de\/wordpress\/?post_type=product&#038;p=249"},"modified":"2025-03-03T07:24:59","modified_gmt":"2025-03-03T06:24:59","slug":"folien-als-rollenware","status":"publish","type":"product","link":"https:\/\/www.hj-bioanalytik.de\/de_de\/product\/folien-als-rollenware\/","title":{"rendered":"Rollenfolien"},"content":{"rendered":"<p><span data-mce-mark=\"1\"><strong>Aluminium Abdeckfolie (gold)<br \/>\n<\/strong><\/span><span data-mce-mark=\"1\"><strong>Art. Nr.: <\/strong>900250<strong><br \/>\n<\/strong><\/span><span data-mce-mark=\"1\"><strong>Verpackungseinheit: <\/strong>100 lfm\/Rolle<strong><br \/>\n<\/strong><\/span><span data-mce-mark=\"1\">&#8211; Peeling-Folie &#8211;<br \/>\nKleber mit mittlerer L\u00f6sungsmittelbest\u00e4ndigkeit (z.B. DMSO-resistent), Temperaturbereich: -80 \u00b0C bis +100 \u00b0C<br \/>\n<strong>Applikation<\/strong><br \/>\nAuf dem Aluminium ist ein PET-Kunststoff auflaminiert. So kann die Folie beim r\u00fcckstandsfreien Abziehen nicht rei\u00dfen. Gut geeignet als Peeling-Folie f\u00fcr die Lagerung von Mikrotiterplatten bei Tiefsttemperaturen und als Peeling-Foile f\u00fcr PCR-Platten.<br \/>\n<\/span><\/p>\n<hr \/>\n<p><span data-mce-mark=\"1\"><strong>Aluminium-Abdeckfolie<br \/>\n<\/strong><\/span><span data-mce-mark=\"1\"><strong>Art. Nr.:<\/strong> 900310<br \/>\n<\/span><span data-mce-mark=\"1\"><strong>Verpackungseinheit:<\/strong> 100 lfm\/Rolle<br \/>\n<\/span><span data-mce-mark=\"1\">&#8211; Piercing-Folie &#8211;<\/span><br \/>\n<span data-mce-mark=\"1\">Kleber mit hoher L\u00f6sungsmittelbest\u00e4ndigkeit <\/span><span data-mce-mark=\"1\">(z.B. DMSO-resistent), <\/span><span data-mce-mark=\"1\">Temperaturbereich: -80\u00a0\u00b0C bis +100\u00a0\u00b0C<br \/>\n<strong>Applikation<\/strong><br \/>\nAluminium-Folie f\u00fcr alle Applikationen (z.B. MTP-Lagerung, PCR, etc.). Die Folie ist durchstechbar.<\/span><\/p>\n<hr \/>\n<p><span data-mce-mark=\"1\"><strong>Schaum-Abdeckfolie<br \/>\n<\/strong><\/span><span data-mce-mark=\"1\"><strong>Art. Nr.:<\/strong> 900350<br \/>\n<\/span><span data-mce-mark=\"1\"><strong>Verpackungseinheit:<\/strong> 33 lfm\/Rolle<br \/>\n<\/span><span data-mce-mark=\"1\">&#8211; Piercing- und Peeling-Folie &#8211;<br \/>\nKleber mit guter Resistenz f\u00fcr biologische Proben. Temperaturbereich: -50 \u00b0C to +60 \u00b0C<br \/>\n<\/span><span data-mce-mark=\"1\"><strong>Applikation<\/strong><\/span><br \/>\n<span data-mce-mark=\"1\">Mit einer Nadel (Probengeber oder Pipettierer) oder einem kleinen Pipettentip kann man den Schaum durchstechen. Nach dem Herausziehen der Nadel oder des Tips verschlie\u00dft sich die \u00d6ffnung wieder.<br \/>\n<\/span><\/p>\n<hr \/>\n<p><span data-mce-mark=\"1\"><strong>Polyolefin-Abdeckfolie<br \/>\n<\/strong><\/span><span data-mce-mark=\"1\"><strong>Art. Nr.:<\/strong> 900360<br \/>\n<\/span><span data-mce-mark=\"1\"><strong>Verpackungseinheit:<\/strong> 100 lfm\/Rolle<br \/>\n<\/span><span data-mce-mark=\"1\">&#8211; Peeling-Folie &#8211;<br \/>\nKleber mit hoher L\u00f6sungsmittelbest\u00e4ndigkeit (z.B. DMSO-resistent), Temperaturbereich: -70 \u00b0C bis +100 \u00b0C<br \/>\n<\/span><span data-mce-mark=\"1\"><strong>Applikation<\/strong><\/span><br \/>\n<span data-mce-mark=\"1\">Der Kleber liegt in Mikrokapseln vor, welche durch Druck ge\u00f6ffnet werden. Der Kleber wirkt nur auf dem Kunststoff der MTP. In den Kavit\u00e4ten ist kein Kleber. Die Polyolefin-Folie wird angewendet, wenn die Probe nicht mit Klebstoff in Verbindung kommen darf. Sehr gut geeignet f\u00fcr Proteinkristallisation.<br \/>\n<\/span><\/p>\n<hr \/>\n<p><span data-mce-mark=\"1\"><strong>Polyolefin-Abdeckfolie &#8211; begasbar &#8211;<br \/>\n<\/strong><\/span><span data-mce-mark=\"1\"><strong>Art. Nr.:<\/strong> 900370<br \/>\n<\/span><span data-mce-mark=\"1\"><strong>Verpackungseinheit:<\/strong> 100 lfm\/Rolle<br \/>\n<\/span><span data-mce-mark=\"1\">&#8211; Peeling-Folie &#8211;<br \/>\nKleber mit hoher L\u00f6sungsmittelbest\u00e4ndigkeit (z.B. DMSO-resistent), Temperaturbereich: -70 \u00b0C bis +100 \u00b0C<br \/>\n<\/span><span data-mce-mark=\"1\"><strong>Applikation<br \/>\n<\/strong>In der Polyolefin-Folie sind kleine L\u00f6cher eingebracht, so dass ein guter Gasaustausch gew\u00e4hrleistet ist.<br \/>\nDer Kleber liegt in Mikrokapseln vor, welche durch Druck ge\u00f6ffnet werden. Der Kleber wirkt nur auf dem Kunststoff der MTP. In den Kavit\u00e4ten ist kein Kleber.<br \/>\n<\/span><\/p>\n<hr \/>\n<p><span data-mce-mark=\"1\"><strong>Nonwoven-Folie<br \/>\n<\/strong><\/span><span data-mce-mark=\"1\"><strong>Art. Nr.:<\/strong> 900390<br \/>\n<\/span><span data-mce-mark=\"1\"><strong>Verpackungseinheit:<\/strong> 100 lfm\/Rolle<br \/>\n<\/span><span data-mce-mark=\"1\">Begasbare, fl\u00fcssigkeitsdichte Folie mit nachweislich gutem Gasaustausch.<br \/>\nKleber mit guter biologischer L\u00f6sungsmittelresistenz, Temperaturbereich: -5 \u00b0C bis +60 \u00b0C<br \/>\n<\/span><span data-mce-mark=\"1\"><strong>Applikation<br \/>\n<\/strong><\/span><span data-mce-mark=\"1\">Proben, bei denen gutes Wachstum gew\u00fcnscht ist (Zellen, Bakterien, etc.). Die Nonwoven-Folie ist zur Verwendung im Inkubator oder \u00e4hnlichen Apparaturen geeignet.<br \/>\n<\/span><\/p>\n<hr \/>\n<p><span data-mce-mark=\"1\"><strong>Polypropylen-Folie<br \/>\n<\/strong><\/span><span data-mce-mark=\"1\"><strong>Art. Nr.:<\/strong> 900500<br \/>\n<\/span><span data-mce-mark=\"1\"><strong>Verpackungseinheit:<\/strong> 100 lfm\/Rolle<br \/>\n<\/span><span data-mce-mark=\"1\">&#8211; Peeling-Folie &#8211;<br \/>\n<\/span><span data-mce-mark=\"1\">Kleber mit hoher L\u00f6sungsmittelbest\u00e4ndigkeit (z.B. DMSO-resistent), Temperaturbereich: -80 \u00b0C bis +100 \u00b0C<br \/>\n<\/span><span data-mce-mark=\"1\"><strong>Applikation<br \/>\n<\/strong><\/span><span data-mce-mark=\"1\">Optisch klare Polypropylen-Folie &#8211; Einsatz bei Photometer-MTPs bis 276 nm.<br \/>\nEinsatz als Abdeckfolie f\u00fcr Assay-MTPs, Lager-MTPs sowie PCR-Platten.<\/span><span data-mce-mark=\"1\"><br \/>\n<\/span><\/p>\n","protected":false},"excerpt":{"rendered":"<p>Inerte Rollenfolien f\u00fcr alle Mikrotiterplatten, Deep Well Platten, PCR-Platten sowie einige Spezialplatten.<\/p>\n","protected":false},"featured_media":250,"template":"","meta":[],"product_brand":[],"product_cat":[26],"product_tag":[35,38,36,37],"class_list":{"0":"post-249","1":"product","2":"type-product","3":"status-publish","4":"has-post-thumbnail","6":"product_cat-foils","7":"product_tag-folien-mikrotiterplatten","8":"product_tag-microtitreplates","9":"product_tag-sealfolien","10":"product_tag-sealing-foils","12":"first","13":"instock","14":"shipping-taxable","15":"product-type-simple"},"_links":{"self":[{"href":"https:\/\/www.hj-bioanalytik.de\/de_de\/wp-json\/wp\/v2\/product\/249","targetHints":{"allow":["GET"]}}],"collection":[{"href":"https:\/\/www.hj-bioanalytik.de\/de_de\/wp-json\/wp\/v2\/product"}],"about":[{"href":"https:\/\/www.hj-bioanalytik.de\/de_de\/wp-json\/wp\/v2\/types\/product"}],"wp:featuredmedia":[{"embeddable":true,"href":"https:\/\/www.hj-bioanalytik.de\/de_de\/wp-json\/wp\/v2\/media\/250"}],"wp:attachment":[{"href":"https:\/\/www.hj-bioanalytik.de\/de_de\/wp-json\/wp\/v2\/media?parent=249"}],"wp:term":[{"taxonomy":"product_brand","embeddable":true,"href":"https:\/\/www.hj-bioanalytik.de\/de_de\/wp-json\/wp\/v2\/product_brand?post=249"},{"taxonomy":"product_cat","embeddable":true,"href":"https:\/\/www.hj-bioanalytik.de\/de_de\/wp-json\/wp\/v2\/product_cat?post=249"},{"taxonomy":"product_tag","embeddable":true,"href":"https:\/\/www.hj-bioanalytik.de\/de_de\/wp-json\/wp\/v2\/product_tag?post=249"}],"curies":[{"name":"wp","href":"https:\/\/api.w.org\/{rel}","templated":true}]}}