{"id":254,"date":"2025-02-06T08:31:43","date_gmt":"2025-02-06T07:31:43","guid":{"rendered":"https:\/\/www.hj-bioanalytik.de\/wordpress\/?post_type=product&#038;p=254"},"modified":"2025-03-27T10:27:46","modified_gmt":"2025-03-27T09:27:46","slug":"hitplate-96er-micro-tube-rack-system_1_2ml","status":"publish","type":"product","link":"https:\/\/www.hj-bioanalytik.de\/de_de\/product\/hitplate-96er-micro-tube-rack-system_1_2ml\/","title":{"rendered":"&#8220;hitplate&#8220; 96er Micro Tube Rack System 1.2 ml"},"content":{"rendered":"<p><strong><span data-mce-mark=\"1\">Rack System:<\/span><\/strong><\/p>\n<ul>\n<li>96 Einzel-Tubes im 8 x 12 Mikrotiterplatten-Format<\/li>\n<li><span data-mce-mark=\"1\">SBS-Standard (passend f\u00fcr alle Pipettier-Automaten)<\/span><\/li>\n<li><span data-mce-mark=\"1\">Sehr stabile Ausf\u00fchrung aus Polypropylen (autoklavierbar)<\/span><\/li>\n<li><span data-mce-mark=\"1\">Durchsichtiger Sicherheits-Deckel<\/span><\/li>\n<li><span data-mce-mark=\"1\">Stapelbar und f\u00fcr Stacker-System geeignet<\/span><\/li>\n<\/ul>\n<p><span data-mce-mark=\"1\"><strong>Halte-Frame:<\/strong><\/span><\/p>\n<ul>\n<li><span data-mce-mark=\"1\">Verhindert das Herausfallen der Tubes<\/span><\/li>\n<li><span data-mce-mark=\"1\">Die Tubes k\u00f6nnen nicht mehr unbeabsichtigt aus dem Rack herausgezogen werden, dies ist besonders wichtig beim Arbeiten mit Pipettier-Automaten.<\/span><\/li>\n<\/ul>\n<p><span data-mce-mark=\"1\"><strong>Alphanumerischer Druck am Boden der Tubes (A1 bis H12):<\/strong><\/span><\/p>\n<ul>\n<li><span data-mce-mark=\"1\">Selbst wenn mehrere Tubes gleichzeitig aus dem Rack entnommen werden, sind Verwechslungen ausgeschlossen und das problemlose Zur\u00fcckf\u00fchren in das Rack ist gew\u00e4hrleistet.<\/span><\/li>\n<\/ul>\n<p><span data-mce-mark=\"1\"><strong>Tubes:<\/strong><\/span><\/p>\n<ul>\n<li><span data-mce-mark=\"1\">Material: Polypropylen (autoklavierbar) mit sehr geringer Proteinbindung<\/span><\/li>\n<li><span data-mce-mark=\"1\">Volumen: 1,2 ml<br \/>\n<\/span><\/li>\n<li><span data-mce-mark=\"1\">Wahlweise Einzel-Tubes<\/span><\/li>\n<li><span data-mce-mark=\"1\">Wahlweise 8-fach-Strip-Tubes<\/span><\/li>\n<li><span data-mce-mark=\"1\">Wahlweise U-Boden oder F-Boden<\/span><\/li>\n<\/ul>\n<p><span data-mce-mark=\"1\"><strong>Refill-System:<\/strong><\/span><\/p>\n<ul>\n<li><span data-mce-mark=\"1\">Im Frame gesteckte Tubes mit und ohne alphanumerischen Aufdruck k\u00f6nnen problemlos in das wiederverwendbare Rack-System eingesetzt werden.<\/span><\/li>\n<\/ul>\n<p><strong>Bestell-Informationen:<\/strong><\/p>\n<hr \/>\n<p><span data-mce-mark=\"1\"><strong>96er Micro Tube Rack System, Volumen 1,2 ml\/Tube<br \/>\n<\/strong><\/span><span data-mce-mark=\"1\"><strong>Art. Nr.: <\/strong>605100<strong><br \/>\n<\/strong><\/span><span data-mce-mark=\"1\"><strong>Verpackungseinheit: <\/strong><strong>10 Stk.\/Pack<\/strong><\/span><\/p>\n<hr \/>\n<p><span data-mce-mark=\"1\"><strong>96er Micro Tube Rack System, Volumen 1,2 ml\/Tube mit 8-fach Strip-Tubes<br \/>\n<\/strong><\/span><span data-mce-mark=\"1\"><strong>Art. Nr.: <\/strong>605200<strong><br \/>\n<\/strong><\/span><span data-mce-mark=\"1\"><strong>Verpackungseinheit: <\/strong>10 Stk.\/Pack<\/span><\/p>\n<hr \/>\n<p><span data-mce-mark=\"1\"><strong>96er Micro Tube Rack System, Volumen 1,2 ml\/Tube mit Halteframe (verhindert das Herausfallen der Tubes)<br \/>\n<\/strong><\/span><span data-mce-mark=\"1\"><strong>Art. Nr.: <\/strong>605300<strong><br \/>\n<\/strong><\/span><span data-mce-mark=\"1\"><strong>Verpackungseinheit: <\/strong>10 Stk.\/Pack<\/span><\/p>\n<hr \/>\n<p><span data-mce-mark=\"1\"><strong>96er Micro Tube Rack System Volumen 1,2 ml\/Tube mit alphanumerischem Druck (A1-H12) am Boden der Tubes<br \/>\n<\/strong><\/span><span data-mce-mark=\"1\"><strong>Art. Nr.: <\/strong>605400<strong><br \/>\n<\/strong><\/span><span data-mce-mark=\"1\"><strong>Verpackungseinheit: <\/strong>10 Stk.\/Pack<\/span><\/p>\n<hr \/>\n<p><span data-mce-mark=\"1\"><strong>96er Micro Tube Rack System, Volumen 1,2 ml\/Tube mit Halteframe und alphanumerischem Druck (A1-H12)<br \/>\n<\/strong><\/span><span data-mce-mark=\"1\"><strong>Art. Nr.: <\/strong>605500<strong><br \/>\n<\/strong><\/span><span data-mce-mark=\"1\"><strong>Verpackungseinheit: <\/strong>10 Stk.\/Pack<\/span><\/p>\n<hr \/>\n<p><span data-mce-mark=\"1\"><strong>96er Refill R\u00f6hrchen System, Volumen 1,2 ml\/Tube mit Frame und alphanumerischem Druck (A1-H12)<br \/>\n<\/strong><\/span><span data-mce-mark=\"1\"><strong>Art. Nr.: <\/strong>605800<strong><br \/>\n<\/strong><\/span><span data-mce-mark=\"1\"><strong>Verpackungseinheit: <\/strong>50 Stk.\/Pack<\/span><\/p>\n<hr \/>\n<p><span data-mce-mark=\"1\"><strong>96er Refill R\u00f6hrchen System, Volumen 1,2 ml\/Tube mit Frame, ohne Druck<br \/>\n<\/strong><\/span><span data-mce-mark=\"1\"><strong>Art. Nr.: <\/strong>605900<strong><br \/>\n<\/strong><\/span><span data-mce-mark=\"1\"><strong>Verpackungseinheit: <\/strong>50 Stk.\/Pack<\/span><\/p>\n<hr \/>\n<p><span data-mce-mark=\"1\"><strong>Rack mit Deckel f\u00fcr 1,2 ml\/Tube Rack System<br \/>\n<\/strong><\/span><span data-mce-mark=\"1\"><strong>Art. Nr.: <\/strong>605110<strong><br \/>\n<\/strong><\/span><span data-mce-mark=\"1\"><strong>Verpackungseinheit: <\/strong>10 Stk.\/Pack<\/span><\/p>\n<hr \/>\n<p><span data-mce-mark=\"1\"><strong>8 fach Strip Tubes, Volumen 1,2 ml\/Tube, ohne Druck<br \/>\n<\/strong><\/span><span data-mce-mark=\"1\"><strong>Art. Nr.: <\/strong>605250<strong><br \/>\n<\/strong><\/span><span data-mce-mark=\"1\"><strong>Verpackungseinheit: <\/strong>120 Stk.\/Pack<\/span><\/p>\n<hr \/>\n<p><span data-mce-mark=\"1\"><strong>Einzeltubes, Volumen 1,2 ml\/Tube<br \/>\n<\/strong><\/span><span data-mce-mark=\"1\"><strong>Art. Nr.: <\/strong>605101<strong><br \/>\n<\/strong><\/span><span data-mce-mark=\"1\"><strong>Verpackungseinheit: <\/strong>960 Stk.\/Pack<\/span><\/p>\n<hr \/>\n<p><span data-mce-mark=\"1\"><strong>8-fach Cap Strip, Volumen 1,2 ml\/Tube, ohne Druck<br \/>\n<\/strong><\/span><span data-mce-mark=\"1\"><strong>Art. Nr.: <\/strong>605115<strong><br \/>\n<\/strong><\/span><span data-mce-mark=\"1\"><strong>Verpackungseinheit: <\/strong>120 Stk.\/Pack<\/span><\/p>\n<hr \/>\n<p><span data-mce-mark=\"1\"><strong>Einzelstopfen, durchstechbar, f\u00fcr 1,2 ml und 0,65 ml Tubes<br \/>\n<\/strong><\/span><span data-mce-mark=\"1\"><strong>Art. Nr.: <\/strong>609116<strong><br \/>\n<\/strong><\/span><span data-mce-mark=\"1\"><strong>Verpackungseinheit: <\/strong>960 Stk.\/Pack<\/span><\/p>\n<hr \/>\n<p><span data-mce-mark=\"1\"><strong>96er Push Capmat , 96 Single-Caps fixiert auf Tr\u00e4gerfolie, durchstechbar, f\u00fcr 1,2 ml\u00a0 und 0,65 ml Tubes<br \/>\n<\/strong><\/span><span data-mce-mark=\"1\"><strong>Art. Nr.: <\/strong>609119<strong><br \/>\n<\/strong><\/span><span data-mce-mark=\"1\"><strong>Verpackungseinheit: <\/strong>10 Stk.\/Pack<\/span><\/p>\n<hr \/>\n<p><span data-mce-mark=\"1\"><strong>Aluminium Abdeckfolie f\u00fcr Tube-Rack-System<br \/>\n<\/strong><\/span><span data-mce-mark=\"1\"><strong>Art. Nr.: <\/strong>900300<strong><br \/>\n<\/strong><\/span><span data-mce-mark=\"1\"><strong>Verpackungseinheit: <\/strong>100 Stk.\/Pack<\/span><\/p>\n","protected":false},"excerpt":{"rendered":"<p>1,2 ml\/Tube Rack System im SBS Format<\/p>\n","protected":false},"featured_media":255,"template":"","meta":[],"product_brand":[],"product_cat":[28],"product_tag":[34],"class_list":{"0":"post-254","1":"product","2":"type-product","3":"status-publish","4":"has-post-thumbnail","6":"product_cat-microtuberacksystems","7":"product_tag-micro-tube-rack-system","9":"first","10":"instock","11":"shipping-taxable","12":"product-type-simple"},"_links":{"self":[{"href":"https:\/\/www.hj-bioanalytik.de\/de_de\/wp-json\/wp\/v2\/product\/254","targetHints":{"allow":["GET"]}}],"collection":[{"href":"https:\/\/www.hj-bioanalytik.de\/de_de\/wp-json\/wp\/v2\/product"}],"about":[{"href":"https:\/\/www.hj-bioanalytik.de\/de_de\/wp-json\/wp\/v2\/types\/product"}],"wp:featuredmedia":[{"embeddable":true,"href":"https:\/\/www.hj-bioanalytik.de\/de_de\/wp-json\/wp\/v2\/media\/255"}],"wp:attachment":[{"href":"https:\/\/www.hj-bioanalytik.de\/de_de\/wp-json\/wp\/v2\/media?parent=254"}],"wp:term":[{"taxonomy":"product_brand","embeddable":true,"href":"https:\/\/www.hj-bioanalytik.de\/de_de\/wp-json\/wp\/v2\/product_brand?post=254"},{"taxonomy":"product_cat","embeddable":true,"href":"https:\/\/www.hj-bioanalytik.de\/de_de\/wp-json\/wp\/v2\/product_cat?post=254"},{"taxonomy":"product_tag","embeddable":true,"href":"https:\/\/www.hj-bioanalytik.de\/de_de\/wp-json\/wp\/v2\/product_tag?post=254"}],"curies":[{"name":"wp","href":"https:\/\/api.w.org\/{rel}","templated":true}]}}