{"id":386,"date":"2025-02-18T11:01:18","date_gmt":"2025-02-18T10:01:18","guid":{"rendered":"https:\/\/www.hj-bioanalytik.de\/wordpress\/?post_type=product&#038;p=386"},"modified":"2025-04-22T09:13:47","modified_gmt":"2025-04-22T07:13:47","slug":"riplate-low-profile-1_2ml","status":"publish","type":"product","link":"https:\/\/www.hj-bioanalytik.de\/de_de\/product\/riplate-low-profile-1_2ml\/","title":{"rendered":"&#8220;riplate low profile&#8220; 1.2 ml"},"content":{"rendered":"<p><span data-mce-mark=\"1\"><strong>Volumen:<br \/>\n<\/strong><\/span><span data-mce-mark=\"1\">1,2 ml pro Well<\/span><\/p>\n<p><span data-mce-mark=\"1\"><strong>Kavit\u00e4tenform:<br \/>\n<\/strong><\/span>Gr\u00f6\u00dfere Kavit\u00e4tendurchmesser, dadurch mehr Sicherheit beim Arbeiten mit Pipettierautomaten.<br \/>\nKavit\u00e4ten in Kaminform.<\/p>\n<p><span data-mce-mark=\"1\"><strong>Material:<br \/>\n<\/strong><\/span><span data-mce-mark=\"1\">Klares Polypropylen (autoklavierbar)<\/span><\/p>\n<p><span data-mce-mark=\"1\"><strong>H\u00f6he der Platte:<br \/>\n<\/strong><\/span><span data-mce-mark=\"1\">Die Platten sind nur halb so hoch wie herk\u00f6mmliche Platten. Dadurch mehr Lagerkapazit\u00e4t.<\/span><\/p>\n<p><span data-mce-mark=\"1\"><strong>Zentrifugierbarkeit:<br \/>\n<\/strong><\/span><span data-mce-mark=\"1\">Bis 4000 g in allen Plattenzentrifugen<\/span>.<\/p>\n<p><span data-mce-mark=\"1\"><strong>Grundfl\u00e4che:<br \/>\n<\/strong><\/span><span data-mce-mark=\"1\">SBS-Standard &#8211; 96 Kavit\u00e4ten<\/span><\/p>\n<p><strong><span data-mce-mark=\"1\">Zeichnung: <\/span><\/strong><a href=\"https:\/\/www.hj-bioanalytik.de\/wp-content\/uploads\/2025\/02\/RiplateLP12.pdf\" target=\"_blank\" rel=\"noopener\"><span data-mce-mark=\"1\">riplate low profile<\/span><\/a><\/p>\n<p><span data-mce-mark=\"1\"><strong>Bestell-Informationen:<\/strong><\/span><\/p>\n<hr \/>\n<p><span data-mce-mark=\"1\"><strong>\u201criplate low profile\u201d<br \/>\nArt. Nr.:<\/strong><\/span> 750289<br \/>\n<span data-mce-mark=\"1\"><strong>Verpackungseinheit<\/strong><\/span>: 32<span data-mce-mark=\"1\"> Stk.\/Pack<br \/>\n<\/span><strong>Bezeichnung:<\/strong><br \/>\n\u201criplate low profile\u201d 1<span data-mce-mark=\"1\">,2 ml Deep Well Mikrotiterplatte &#8211; Material: Klares Polypropylen<\/span><\/p>\n<hr \/>\n<p><span data-mce-mark=\"1\"><strong>96er Noppendeckel<br \/>\nArt. Nr.:<\/strong><\/span> 850337<br \/>\n<span data-mce-mark=\"1\"><strong>Verpackungseinheit<\/strong><\/span>: 100<span data-mce-mark=\"1\"> Stk.\/Pack<br \/>\n<\/span><strong>Bezeichnung:<\/strong><br \/>\n96er Noppendeckel f\u00fcr \u201criplate low profile\u201d <span data-mce-mark=\"1\">Platten &#8211; Material: EVA<\/span><\/p>\n","protected":false},"excerpt":{"rendered":"<p><span data-mce-mark=\"1\">1,2 ml Deep Well Mikrotiterplatte, Polypropylen &#8211; klar<\/span><\/p>\n","protected":false},"featured_media":388,"template":"","meta":[],"product_brand":[],"product_cat":[27],"product_tag":[44,46,47,39],"class_list":{"0":"post-386","1":"product","2":"type-product","3":"status-publish","4":"has-post-thumbnail","6":"product_cat-microtitreplates","7":"product_tag-96-mikrotiterplatte","8":"product_tag-low-profile","9":"product_tag-mikrotiterplatte","10":"product_tag-riplate","12":"first","13":"instock","14":"shipping-taxable","15":"product-type-simple"},"_links":{"self":[{"href":"https:\/\/www.hj-bioanalytik.de\/de_de\/wp-json\/wp\/v2\/product\/386","targetHints":{"allow":["GET"]}}],"collection":[{"href":"https:\/\/www.hj-bioanalytik.de\/de_de\/wp-json\/wp\/v2\/product"}],"about":[{"href":"https:\/\/www.hj-bioanalytik.de\/de_de\/wp-json\/wp\/v2\/types\/product"}],"wp:featuredmedia":[{"embeddable":true,"href":"https:\/\/www.hj-bioanalytik.de\/de_de\/wp-json\/wp\/v2\/media\/388"}],"wp:attachment":[{"href":"https:\/\/www.hj-bioanalytik.de\/de_de\/wp-json\/wp\/v2\/media?parent=386"}],"wp:term":[{"taxonomy":"product_brand","embeddable":true,"href":"https:\/\/www.hj-bioanalytik.de\/de_de\/wp-json\/wp\/v2\/product_brand?post=386"},{"taxonomy":"product_cat","embeddable":true,"href":"https:\/\/www.hj-bioanalytik.de\/de_de\/wp-json\/wp\/v2\/product_cat?post=386"},{"taxonomy":"product_tag","embeddable":true,"href":"https:\/\/www.hj-bioanalytik.de\/de_de\/wp-json\/wp\/v2\/product_tag?post=386"}],"curies":[{"name":"wp","href":"https:\/\/api.w.org\/{rel}","templated":true}]}}