{"id":416,"date":"2025-02-18T15:12:51","date_gmt":"2025-02-18T14:12:51","guid":{"rendered":"https:\/\/www.hj-bioanalytik.de\/wordpress\/?post_type=product&#038;p=416"},"modified":"2025-04-22T10:04:25","modified_gmt":"2025-04-22T08:04:25","slug":"384-microtitreplates","status":"publish","type":"product","link":"https:\/\/www.hj-bioanalytik.de\/de_de\/product\/384-microtitreplates\/","title":{"rendered":"&#8220;384er Lager Mikrotiterplatten&#8220;"},"content":{"rendered":"<p><span data-mce-mark=\"1\"><strong>Einsatzspektrum:<br \/>\n<\/strong><\/span>384er Mikrotiterplatten zum Lagern von Substanzen bei minimalem Platzbedarf.<\/p>\n<p><span data-mce-mark=\"1\"><strong>Volumen:<br \/>\n<\/strong><\/span><span data-mce-mark=\"1\">Erh\u00e4ltlich mit 120 <\/span>\u00b5l \/ Kavit\u00e4t und <span data-mce-mark=\"1\">200 <\/span>\u00b5l \/ Kavit\u00e4t<\/p>\n<p><span data-mce-mark=\"1\"><strong>Material:<br \/>\n<\/strong><\/span><span data-mce-mark=\"1\">Polypropylen<\/span><\/p>\n<p><span data-mce-mark=\"1\"><strong>Kavit\u00e4ten:<br \/>\n<\/strong><\/span>Eckige Kavit\u00e4ten f\u00fcr gr\u00f6\u00dftm\u00f6gliche Volumina.<br \/>\nPyramidenboden sowie verrundete \u00dcberg\u00e4nge f\u00fcr das Auspipettieren kleinster Restvolumina.<br \/>\nErh\u00f6hter Wellrand f\u00fcr optimales Sealing mit Klebe-Abdeckfolien.<\/p>\n<p><span data-mce-mark=\"1\"><strong>Grundfl\u00e4che:<br \/>\n<\/strong><\/span>SBS-Standard &#8211; kompatibel zu allen Pipettierautomaten und Roboter-Systemen.<\/p>\n<p><span data-mce-mark=\"1\"><strong>Option:<br \/>\n<\/strong><\/span><span data-mce-mark=\"1\">Barcode-etikettiert<strong><br \/>\n<\/strong><\/span><\/p>\n<p><strong><span data-mce-mark=\"1\">Zeichnungen:<br \/>\n<\/span><\/strong><a href=\"https:\/\/www.hj-bioanalytik.de\/wp-content\/uploads\/2025\/02\/riplate_384_120_702101.pdf\" target=\"_blank\" rel=\"noopener\"><span data-mce-mark=\"1\">riplate 384-120<\/span><\/a><br \/>\n<a href=\"https:\/\/www.hj-bioanalytik.de\/wp-content\/uploads\/2025\/02\/riplate_384_200_702321.pdf\" target=\"_blank\" rel=\"noopener\"><span data-mce-mark=\"1\">riplate 384-200<\/span><\/a><\/p>\n<p><span data-mce-mark=\"1\"><strong>Bestell-Informationen:<\/strong><\/span><\/p>\n<hr \/>\n<p><span data-mce-mark=\"1\"><strong>&#8220;riplate 384-120&#8220;<br \/>\nArt. Nr.:<\/strong><\/span> 702101<br \/>\n<span data-mce-mark=\"1\"><strong>Verpackungseinheit<\/strong><\/span>: 60<span data-mce-mark=\"1\"> Stk.\/Pack<br \/>\n<\/span><strong>Bezeichnung:<br \/>\n<\/strong>&#8220;riplate 384-120&#8220; Lagerplatte 120 \u00b5l &#8211; Material: Polypropylen<\/p>\n<hr \/>\n<p><span data-mce-mark=\"1\"><strong>&#8220;riplate 384-200&#8220;<br \/>\nArt. Nr.:<\/strong><\/span> 702321<br \/>\n<strong><span data-mce-mark=\"1\">Verpackungseinheit<\/span>: <\/strong>40 Stk.\/Pack<strong><span data-mce-mark=\"1\"><br \/>\n<\/span>Bezeichnung:<br \/>\n<\/strong>&#8220;riplate 384-200&#8220; Lagerplatte 200 \u00b5l &#8211; Material: Polypropylen<\/p>\n","protected":false},"excerpt":{"rendered":"<p>384er Lager Mikrotiterplatte, Polypropylen<\/p>\n","protected":false},"featured_media":417,"template":"","meta":[],"product_brand":[],"product_cat":[27],"product_tag":[66,45,47,64,65],"class_list":{"0":"post-416","1":"product","2":"type-product","3":"status-publish","4":"has-post-thumbnail","6":"product_cat-microtitreplates","7":"product_tag-66","8":"product_tag-microtitreplate","9":"product_tag-mikrotiterplatte","10":"product_tag-riplate-384-120","11":"product_tag-riplate-384-200","13":"first","14":"instock","15":"shipping-taxable","16":"product-type-simple"},"_links":{"self":[{"href":"https:\/\/www.hj-bioanalytik.de\/de_de\/wp-json\/wp\/v2\/product\/416","targetHints":{"allow":["GET"]}}],"collection":[{"href":"https:\/\/www.hj-bioanalytik.de\/de_de\/wp-json\/wp\/v2\/product"}],"about":[{"href":"https:\/\/www.hj-bioanalytik.de\/de_de\/wp-json\/wp\/v2\/types\/product"}],"wp:featuredmedia":[{"embeddable":true,"href":"https:\/\/www.hj-bioanalytik.de\/de_de\/wp-json\/wp\/v2\/media\/417"}],"wp:attachment":[{"href":"https:\/\/www.hj-bioanalytik.de\/de_de\/wp-json\/wp\/v2\/media?parent=416"}],"wp:term":[{"taxonomy":"product_brand","embeddable":true,"href":"https:\/\/www.hj-bioanalytik.de\/de_de\/wp-json\/wp\/v2\/product_brand?post=416"},{"taxonomy":"product_cat","embeddable":true,"href":"https:\/\/www.hj-bioanalytik.de\/de_de\/wp-json\/wp\/v2\/product_cat?post=416"},{"taxonomy":"product_tag","embeddable":true,"href":"https:\/\/www.hj-bioanalytik.de\/de_de\/wp-json\/wp\/v2\/product_tag?post=416"}],"curies":[{"name":"wp","href":"https:\/\/api.w.org\/{rel}","templated":true}]}}