{"id":427,"date":"2025-02-19T07:46:42","date_gmt":"2025-02-19T06:46:42","guid":{"rendered":"https:\/\/www.hj-bioanalytik.de\/wordpress\/?post_type=product&#038;p=427"},"modified":"2025-07-30T12:58:09","modified_gmt":"2025-07-30T10:58:09","slug":"hjpeeler","status":"publish","type":"product","link":"https:\/\/www.hj-bioanalytik.de\/de_de\/product\/hjpeeler\/","title":{"rendered":"HJ@Peeler"},"content":{"rendered":"<p><span data-mce-mark=\"1\">Der &#8220;HJ@Peeler&#8220; wird \u00fcberall dort eingesetzt, wo das Abziehen von Sealingfolien, die durch einen &#8220;HJ@Sealer&#8220; aufgebracht wurden, von Mikrotiter-, PCR- sowie einigen Spezialplatten im vollautomatischen Prozess erfolgen soll.<\/span><\/p>\n<p><strong><span data-mce-mark=\"1\">Klein:<br \/>\n<\/span><\/strong>Der &#8220;HJ@Peeler&#8220; ben\u00f6tigt eine Stellfl\u00e4che von 274 mm X 314 mm neben dem Pipettier- oder Roboter-System. Die belegte Fl\u00e4che auf dem Arbeitstisch des Robotersystems ist nur geringf\u00fcgig gr\u00f6\u00dfer als das Ma\u00df einer Mikrotiterplatte.<\/p>\n<p><span data-mce-mark=\"1\"><strong>Automatische Plattenerkennung:<br \/>\n<\/strong><\/span><span data-mce-mark=\"1\">Der &#8220;HJ@Peeler&#8220; erkennt automatisch die zugef\u00fchrte Platte und entfernt die Folie.<br \/>\nAutomatisch bedeutet hier aber keine Einschr\u00e4nkung: Es ist trotzdem m\u00f6glich, \u00fcber die Software zum Beispiel die Facettengr\u00f6sse der Platte und den Bewegungsablauf beim Peelvorgang einzustellen.\u00a0<\/span><\/p>\n<p><span data-mce-mark=\"1\"><strong>Problemlos zu integrieren:<br \/>\n<\/strong><\/span><span data-mce-mark=\"1\">Der &#8220;HJ@Peeler&#8220; l\u00e4sst sich ohne gro\u00dfen Aufwand in neue und vorhandene Pipettier- und Roboter-Systeme integrieren. Die Software-Integrationsschnittstelle ist kompatibel zu unserem erfolgreichen RoboSeal und RoboPeel.\u00a0<\/span><\/p>\n<p><span data-mce-mark=\"1\"><strong>Softwaresteuerung:<br \/>\n<\/strong><\/span>Die &#8220;HJ@Peeler&#8220; Software l\u00e4uft auf dem PC unter allen Microsoft Windows Betriebssystemen ab Windows XP. Sie ist mit einer bedienerfreundlichen Benutzeroberfl\u00e4che versehen. Diagnostikfunktionen wie ein Foliendetektor beim Peelvorgang erlauben h\u00f6chste Betriebssicherheit.<\/p>\n<p><span data-mce-mark=\"1\"><strong>Interface:<br \/>\n<\/strong><\/span><span data-mce-mark=\"1\">Der &#8220;HJ@Peeler&#8220; bietet serienm\u00e4\u00dfig eine USB- und RS-232 Schnittstelle.<\/span><\/p>\n<p><span data-mce-mark=\"1\"><strong>Einfach zu bedienen:<br \/>\n<\/strong><\/span>Alle SBS-Standard-Footprint-Platten mit mindestens einer Facette am linken oder rechten Kopfende sind verwendbar. Ob es sich um Shallow Well-, Deep Well-, PCR- oder andere Platten handelt, zus\u00e4tzliche Adapter sind normalerweise nicht erforderlich.<\/p>\n<p><span data-mce-mark=\"1\"><strong>Sicheres \u00d6ffnen:<br \/>\n<\/strong><\/span><span data-mce-mark=\"1\">Der &#8220;HJ@Peeler&#8220; zieht die Folie mechanisch von der Platte ab. Fremdmedien wie Pressluft oder Vakuum werden nicht ben\u00f6tigt. Der patentierte &#8222;Abziehfinger&#8220; arbeitet reproduzierbar und st\u00f6rungsunanf\u00e4llig. Ein integrierter Foliensensor erkennt die abgezogene Folie.<\/span><\/p>\n<p><span data-mce-mark=\"1\"><strong>Schnell:<br \/>\n<\/strong><\/span><span data-mce-mark=\"1\">Der Peel-Zyklus ist in ca. 20 Sekunden abgeschlossen.<\/span><\/p>\n<p><span data-mce-mark=\"1\"><strong>Preiswert:<br \/>\n<\/strong><\/span><span data-mce-mark=\"1\">G\u00fcnstige Anschaffungskosten und geringer Integrationsaufwand<\/span>.<\/p>\n<p>&nbsp;<\/p>\n<p><strong>Details zum Ger\u00e4t:<br \/>\n<\/strong><a href=\"https:\/\/www.hj-bioanalytik.de\/wp-content\/uploads\/2025\/02\/AdPeelerDim.pdf\" target=\"_blank\" rel=\"noopener\">Bema\u00dfte 3D-Zeichnung und Footprint als PDF-Datei<\/a><br \/>\n<a href=\"https:\/\/www.hj-bioanalytik.de\/wordpress\/geraetevorfuehrung\/\">Vereinbaren Sie einen Vorf\u00fchrungstermin<\/a><\/p>\n<p>&nbsp;<\/p>\n<p><span data-mce-mark=\"1\"><strong>Bestell-Informationen:<br \/>\n&#8220;HJ@Peeler&#8220;<br \/>\n<\/strong><\/span><span data-mce-mark=\"1\"><strong>Art. Nr.: <\/strong>200930<strong><br \/>\n<\/strong><\/span><span data-mce-mark=\"1\"><strong>Verpackungseinheit: <\/strong>1<strong><br \/>\nBezeichnung:<br \/>\n<\/strong><\/span>&#8220;HJ@Peeler&#8220; &#8211; Automatisches \u00d6ffnungsger\u00e4t f\u00fcr Mikrotiterplatten<\/p>\n<p><span data-mce-mark=\"1\">\u00a0<\/span><\/p>\n","protected":false},"excerpt":{"rendered":"<h2><span data-mce-mark=\"1\">Vollautomatisches Folien-Abziehger\u00e4t f\u00fcr Mikrotiterplatten<\/span><\/h2>\n","protected":false},"featured_media":424,"template":"","meta":[],"product_brand":[],"product_cat":[24],"product_tag":[71,70,72],"class_list":{"0":"post-427","1":"product","2":"type-product","3":"status-publish","4":"has-post-thumbnail","6":"product_cat-devices","7":"product_tag-peeler-for-microtitreplates","8":"product_tag-peeler-fuer-mikrotiterplatten","9":"product_tag-plate-peeler","11":"first","12":"instock","13":"shipping-taxable","14":"product-type-simple"},"_links":{"self":[{"href":"https:\/\/www.hj-bioanalytik.de\/de_de\/wp-json\/wp\/v2\/product\/427","targetHints":{"allow":["GET"]}}],"collection":[{"href":"https:\/\/www.hj-bioanalytik.de\/de_de\/wp-json\/wp\/v2\/product"}],"about":[{"href":"https:\/\/www.hj-bioanalytik.de\/de_de\/wp-json\/wp\/v2\/types\/product"}],"wp:featuredmedia":[{"embeddable":true,"href":"https:\/\/www.hj-bioanalytik.de\/de_de\/wp-json\/wp\/v2\/media\/424"}],"wp:attachment":[{"href":"https:\/\/www.hj-bioanalytik.de\/de_de\/wp-json\/wp\/v2\/media?parent=427"}],"wp:term":[{"taxonomy":"product_brand","embeddable":true,"href":"https:\/\/www.hj-bioanalytik.de\/de_de\/wp-json\/wp\/v2\/product_brand?post=427"},{"taxonomy":"product_cat","embeddable":true,"href":"https:\/\/www.hj-bioanalytik.de\/de_de\/wp-json\/wp\/v2\/product_cat?post=427"},{"taxonomy":"product_tag","embeddable":true,"href":"https:\/\/www.hj-bioanalytik.de\/de_de\/wp-json\/wp\/v2\/product_tag?post=427"}],"curies":[{"name":"wp","href":"https:\/\/api.w.org\/{rel}","templated":true}]}}