{"id":473,"date":"2025-08-04T09:43:22","date_gmt":"2025-08-04T07:43:22","guid":{"rendered":"https:\/\/www.hj-bioanalytik.de\/?post_type=product&#038;p=473"},"modified":"2025-09-01T13:34:06","modified_gmt":"2025-09-01T11:34:06","slug":"hjsealertp","status":"publish","type":"product","link":"https:\/\/www.hj-bioanalytik.de\/de_de\/product\/hjsealertp\/","title":{"rendered":"HJ@Sealer TP"},"content":{"rendered":"<p><span style=\"font-size: 12pt;\" data-mce-mark=\"1\">Der &#8220;HJ@Sealer TP&#8220; wird \u00fcberall dort eingesetzt, wo Mikrotiterplatten mit einer H\u00f6he zwischen 59 mm und 94 mm im vollautomatischen Prozess verschlossen werden.<\/span><\/p>\n<p><strong>Klein:<br \/>\n<\/strong>Der &#8220;HJ@Sealer TP&#8220; ben\u00f6tigt eine Stellfl\u00e4che von 212 mm X 250 mm neben dem Pipettier- oder Roboter-System. Die belegte Fl\u00e4che auf dem Arbeitstisch des Robotersystems ist nur geringf\u00fcgig gr\u00f6\u00dfer als das Ma\u00df einer Platte.<strong><br \/>\n<\/strong><\/p>\n<p><strong>Script kontrollierter Sealvorgang:<br \/>\n<\/strong>Der Sealvorgang wird \u00fcber Scripte individuell f\u00fcr jeden Plattentyp kontrolliert.<br \/>\nDie zugef\u00fchrte Platte wird zuverl\u00e4ssig und ohne \u00dcberstand der Folienr\u00e4nder verschlossen.<\/p>\n<p><strong>Problemlos zu integrieren:<br \/>\n<\/strong>Der &#8220;HJ@Sealer TP&#8220; l\u00e4sst sich ohne gro\u00dfen Aufwand in neue und vorhandene Pipettier- und Roboter-Systeme integrieren. Die Software-Integrationsschnittstelle ist kompatibel zu unserem erfolgreichen &#8220;RoboSeal&#8220;.<\/p>\n<p><strong>Softwaresteuerung:<br \/>\n<\/strong>Die &#8220;HJ@Sealer TP&#8220; Software l\u00e4uft auf dem PC unter allen Microsoft Windows Betriebssystemen ab Windows XP. Sie ist mit einer bedienerfreundlichen Benutzeroberfl\u00e4che versehen. Diagnostikfunktionen wie Folienz\u00e4hler, Folienend- und Messerbruchsensorauswertung erlauben h\u00f6chste Betriebssicherheit.<strong><br \/>\n<\/strong><\/p>\n<p><strong>Interface:<br \/>\n<\/strong>Der &#8220;HJ@Sealer TP&#8220; bietet serienm\u00e4\u00dfig eine USB- und RS-232 Schnittstelle.<strong><br \/>\n<\/strong><\/p>\n<p><strong>Optionaler Adapter:<br \/>\n<\/strong>Ein optional lieferbarer Adapter erlaubt das Verschlie\u00dfen von Platten mit H\u00f6hen zwischen 44 mm und 58 mm.<\/p>\n<p><strong>Sicheres Verschlie\u00dfen:<br \/>\n<\/strong>Die Klebe-Abdeckfolie wird mittels Druck auf die Platte geklebt. Dadurch werden die Nachteile durch Hitzeeinwirkung und Probleme mit schlechter Verbindung zwischen Platte und Folie g\u00e4nzlich ausgeschlossen.<\/p>\n<p><strong>Schnell:<br \/>\n<\/strong>Der komplette Zyklus dauert ca. 12 Sekunden.<\/p>\n<p><strong>Preiswert:<br \/>\n<\/strong>G\u00fcnstige Anschaffungskosten, geringer Integrationsaufwand sowie preisg\u00fcnstiges Folienmaterial.<\/p>\n<p>&nbsp;<\/p>\n<p><span data-mce-mark=\"1\"><strong>Ger\u00e4tedetails:<\/strong><\/span><\/p>\n<p><a href=\"https:\/\/www.hj-bioanalytik.de\/wp-content\/uploads\/2025\/08\/AdSealerTPDim.pdf\" target=\"_blank\" rel=\"noopener\">Bemasste 3D Zeichnung und Footprint als PDF Datei<\/a><\/p>\n<p><a href=\"https:\/\/www.hj-bioanalytik.de\/wordpress\/geraetevorfuehrung\/\">Vereinbaren Sie einen Vorf\u00fchrungstermin<\/a><\/p>\n<p>&nbsp;<\/p>\n<p><span data-mce-mark=\"1\"><strong>Bestell-Informationen:<\/strong><\/span><\/p>\n<hr \/>\n<p><strong><span data-mce-mark=\"1\">&#8220;HJ@Sealer TP&#8220;<br \/>\nArt. Nr.: 200923<\/span><\/strong><br \/>\n<span data-mce-mark=\"1\"><strong>Verpackungseinheit: <\/strong>1<strong><br \/>\n<\/strong><\/span><span data-mce-mark=\"1\"><strong>Bezeichnung:<br \/>\n<\/strong>&#8220;HJ@Sealer TP&#8220; &#8211; Roboter-Verschlussger\u00e4t f\u00fcr hohe Mikrotiterplatten<br \/>\n<\/span><\/p>\n","protected":false},"excerpt":{"rendered":"<p><span data-mce-mark=\"1\">Script kontrolliertes Verschlussger\u00e4t f\u00fcr hohe Mikrotiterplatten<\/span><\/p>\n","protected":false},"featured_media":478,"template":"","meta":[],"product_brand":[],"product_cat":[24],"product_tag":[30,87,31],"class_list":{"0":"post-473","1":"product","2":"type-product","3":"status-publish","4":"has-post-thumbnail","6":"product_cat-devices","7":"product_tag-hjsealer","8":"product_tag-hjsealertp","9":"product_tag-sealer-for-microtitreplates","11":"first","12":"instock","13":"shipping-taxable","14":"product-type-simple"},"_links":{"self":[{"href":"https:\/\/www.hj-bioanalytik.de\/de_de\/wp-json\/wp\/v2\/product\/473","targetHints":{"allow":["GET"]}}],"collection":[{"href":"https:\/\/www.hj-bioanalytik.de\/de_de\/wp-json\/wp\/v2\/product"}],"about":[{"href":"https:\/\/www.hj-bioanalytik.de\/de_de\/wp-json\/wp\/v2\/types\/product"}],"wp:featuredmedia":[{"embeddable":true,"href":"https:\/\/www.hj-bioanalytik.de\/de_de\/wp-json\/wp\/v2\/media\/478"}],"wp:attachment":[{"href":"https:\/\/www.hj-bioanalytik.de\/de_de\/wp-json\/wp\/v2\/media?parent=473"}],"wp:term":[{"taxonomy":"product_brand","embeddable":true,"href":"https:\/\/www.hj-bioanalytik.de\/de_de\/wp-json\/wp\/v2\/product_brand?post=473"},{"taxonomy":"product_cat","embeddable":true,"href":"https:\/\/www.hj-bioanalytik.de\/de_de\/wp-json\/wp\/v2\/product_cat?post=473"},{"taxonomy":"product_tag","embeddable":true,"href":"https:\/\/www.hj-bioanalytik.de\/de_de\/wp-json\/wp\/v2\/product_tag?post=473"}],"curies":[{"name":"wp","href":"https:\/\/api.w.org\/{rel}","templated":true}]}}