{"id":206,"date":"2025-02-04T10:17:05","date_gmt":"2025-02-04T09:17:05","guid":{"rendered":"https:\/\/www.hj-bioanalytik.de\/wordpress\/?page_id=206"},"modified":"2025-02-27T11:15:57","modified_gmt":"2025-02-27T10:15:57","slug":"impressum","status":"publish","type":"page","link":"https:\/\/www.hj-bioanalytik.de\/en\/impressum\/","title":{"rendered":"Legal Data"},"content":{"rendered":"<p>HJ-BIOANALYTIK GmbH<br>Ferdinand-Clasen-Str. 34<br>D-41812 Erkelenz<\/p>\n\n\n\n<figure class=\"wp-block-table\"><table><tbody><tr><td>Phone:<\/td><td>(+49) 2431 &#8211; 9484 15<\/td><\/tr><tr><td>Fax:<\/td><td>(+49) 2431 &#8211; 9484 16<\/td><\/tr><tr><td>email:<\/td><td><a href=\"https:\/\/www.hj-bioanalytik.de\/en\/wordpress\/contact-form\/\" data-type=\"page\" data-id=\"195\">info(at)hj-bioanalytik.de<\/a><\/td><\/tr><\/tbody><\/table><\/figure>\n\n\n\n<p><strong>Please send us a message or give us a call.<\/strong><br><strong>You may also fill out a <a href=\"https:\/\/www.hj-bioanalytik.de\/en\/wordpress\/contact-form\/\" data-type=\"page\" data-id=\"195\">form<\/a> and send it to us!<\/strong><br><strong>Order information brochures or give us a comment.<\/strong><\/p>\n\n\n\n<p><strong>Local court Moenchengladbach<\/strong><br><strong>HRB-Nr: 5066<\/strong><br><strong>Executive director: Sascha Kuffner<\/strong><br><strong>Tax ID number: DE171901509<\/strong><\/p>\n\n\n\n<p><strong>Content<\/strong>:<br>This website was prepared with the greatest possible care. However, HJ-BIOANALYTIK GmbH cannot guarantee the accuracy of and the absence of errors in the information it contains. HJ-BIOANALYTIK GmbH excludes all liability for damages resulting directly or indirectly from use of his website, insofar as this is not due to intent or culpable negligence on the part of HJ-BIOANALYTIK GmbH.<\/p>\n\n\n\n<p><strong>Industrial property rights and brand-names<\/strong>:<br>All rights reserved. All content of this website, especially texts, images and graphics and their arrangement on this website, is subject to copyright protection and other laws on industrial property rights.<br>In addition, brand-names on our website are protected by trademark law, unless indicated expressly to the contrary.\nNo licence for the use of the intellectual property of the HJ-BIOANALYTIK GmbH or of third parties is granted through this website. The content of this website may not be copied, distributed, changed or made accessible to third parties for commercial purposes.<\/p>","protected":false},"excerpt":{"rendered":"<p>HJ-BIOANALYTIK GmbHFerdinand-Clasen-Str. 34D-41812 Erkelenz Telefon: (+49) 2431 &#8211; 9484 15 Telefax: (+49) 2431 &#8211; 9484 16 E-Mail: info(at)hj-bioanalytik.de Senden Sie uns eine Nachricht oder rufen Sie uns einfach an!Sie haben auch die M\u00f6glichkeit, ein Formular auszuf\u00fcllen und direkt an uns zu senden.Fordern Sie Infomaterial an, hinterlassen Sie Ihren Kommentar. Registriergericht M\u00f6nchengladbachHRB-Nr: 5066Gesch\u00e4ftsf\u00fchrer: Sascha KuffnerUST-Id Nr: [&hellip;]<\/p>\n","protected":false},"author":1,"featured_media":0,"parent":0,"menu_order":0,"comment_status":"closed","ping_status":"closed","template":"","meta":{"footnotes":""},"class_list":["post-206","page","type-page","status-publish","hentry"],"_links":{"self":[{"href":"https:\/\/www.hj-bioanalytik.de\/en\/wp-json\/wp\/v2\/pages\/206","targetHints":{"allow":["GET"]}}],"collection":[{"href":"https:\/\/www.hj-bioanalytik.de\/en\/wp-json\/wp\/v2\/pages"}],"about":[{"href":"https:\/\/www.hj-bioanalytik.de\/en\/wp-json\/wp\/v2\/types\/page"}],"author":[{"embeddable":true,"href":"https:\/\/www.hj-bioanalytik.de\/en\/wp-json\/wp\/v2\/users\/1"}],"replies":[{"embeddable":true,"href":"https:\/\/www.hj-bioanalytik.de\/en\/wp-json\/wp\/v2\/comments?post=206"}],"version-history":[{"count":6,"href":"https:\/\/www.hj-bioanalytik.de\/en\/wp-json\/wp\/v2\/pages\/206\/revisions"}],"predecessor-version":[{"id":442,"href":"https:\/\/www.hj-bioanalytik.de\/en\/wp-json\/wp\/v2\/pages\/206\/revisions\/442"}],"wp:attachment":[{"href":"https:\/\/www.hj-bioanalytik.de\/en\/wp-json\/wp\/v2\/media?parent=206"}],"curies":[{"name":"wp","href":"https:\/\/api.w.org\/{rel}","templated":true}]}}